{"id":25434,"date":"2022-05-10T13:45:23","date_gmt":"2022-05-10T10:45:23","guid":{"rendered":"https:\/\/www.forcehair.com\/hair-transplant-techniques\/"},"modified":"2022-05-14T22:54:47","modified_gmt":"2022-05-14T19:54:47","slug":"techniques-de-greffe-de-cheveux","status":"publish","type":"page","link":"https:\/\/www.forcehair.com\/fr\/techniques-de-greffe-de-cheveux\/","title":{"rendered":"Techniques De Greffe De Cheveux"},"content":{"rendered":"\n<p>Afro Techniques De Greffe De Cheveux En effet, cela peut \u00eatre appel\u00e9 en tant que la transplantation de follicule (greffe). La greffe de cheveux est le proc\u00e9d\u00e9 concernant la prise des&nbsp; follicules pileux g\u00e9n\u00e9tiquement en sant\u00e9 (les cheveux se trouvant sur la nuque et les c\u00f4t\u00e9s) &nbsp; et la transplantation de ceux-ci sur les zones vides.<\/p>\n\n\n\n<p>A nos jours, plusieurs personnes peuvent confronter \u00e0 des probl\u00e8mes d\u2019alop\u00e9cie et de pertes de cheveux. Il peut y avoir nombreux facteurs diff\u00e9rents causant cette situation et cette situation peut atteindre des niveaux inqui\u00e9tants pour la personne dans la recherche d\u2019une apparence esth\u00e9tique.<\/p>\n\n\n\n<p><strong>FUE est la greffe de cheveux non-chirurgicale&nbsp;:<\/strong>&nbsp;Pendant la technique Fue, les follicules seront pris un par un entre les deux oreilles constituant la zone donneuse. Les poin\u00e7ons utilis\u00e9s pour l\u2019extraction, ont des dimensions de 0,6-0,7-0,8 mm.<\/p>\n\n\n\n<p>Dans chaque follicule pileux, il peut y avoir des poils simples, doubles, triples, quadruples.&nbsp; Pendant la technique Fue,&nbsp; le praticien peut pr\u00e9lever jusqu\u2018\u00e0 5 000 greffons (en moyenne de 15000 \u00e0 20000 cheveux).<\/p>\n\n\n\n<p>Egalement, s\u2019il est n\u00e9cessaire et si la zone donneuse de la personne permet, une deuxi\u00e8me ou troisi\u00e8me s\u00e9ance peut \u00eatre effectu\u00e9e.&nbsp; La dur\u00e9e de transplantation est en moyenne de 6 \u00e0 8 heures et peut varier selon la taille de l\u2019ouverture.<\/p>\n\n\n\n<div class=\"wp-block-image\"><figure class=\"aligncenter\"><img decoding=\"async\" src=\"https:\/\/www.forcehair.com\/fr\/wp-content\/uploads\/2021\/12\/sac-ekim-merkezi-sac-ekimi-merkezi-istanbul-sac-ekim-merkezi-istanbul-sac-ekimi-merkezi-9-300x196.jpg\" alt=\"forcehair\" class=\"wp-image-293\"\/><\/figure><\/div>\n\n\n\n<p>Les Techniques que nous utilisons dans la greffe de cheveux<\/p>\n\n\n\n<ul class=\"wp-block-list\"><li><a href=\"https:\/\/www.forcehair.com\/fr\/techniques-de-greffe-de-cheveux\/\">La Technique DHI<\/a><\/li><li>La Technique Fue Saphir<\/li><\/ul>\n\n\n\n<h2 class=\"wp-block-heading\"><strong>La Technique de greffe de cheveux DHI et la FUE:<\/strong><\/h2>\n\n\n\n<ul class=\"wp-block-list\"><li>Pas de points ou de suture requis<\/li><li>les racines ne sont pas endommag\u00e9<\/li><li>des dispositifs sp\u00e9ciaux tels que kal ou choi sont utilis\u00e9s<\/li><li><a rel=\"nofollow\" href=\"https:\/\/fr.wikipedia.org\/w\/index.php?search=Les+follicules&amp;title=Sp%C3%A9cial%3ARecherche&amp;ns0=1\">Les follicules<\/a>&nbsp;pileux qui seront transplant\u00e9s ne seront pas d\u00e9t\u00e9rior\u00e9..<\/li><li>Une R\u00e9cup\u00e9ration rapide par rapport aux autres techniques.<\/li><li>Plus de densit\u00e9 pour les cheveux<\/li><li>Avant et apr\u00e8s l\u2019op\u00e9ration des injections de m\u00e9soth\u00e9rapie afin de fortifi\u00e9 et de stimuler la croissance des cheveux<\/li><li>Nous mettons a votre disposition un Service de consultation qui sera disponible avant et apres l\u2019op\u00e9ration<\/li><li>Nous vous offrons un package de produits pharmaceutiques et de soins .<\/li><li>Un certificat de Garantie \u00e0 vie<\/li><\/ul>\n\n\n\n<h2 class=\"wp-block-heading\"><strong>La fue saphir:<\/strong><\/h2>\n\n\n\n<p>Est parmis les m\u00e9thodes les plus devlop\u00e9 et la plus r\u00e9centes qui utilise un stylo avec Une pierre pr\u00e9cieuse appel\u00e9e saphir ,grace cette nouvelle technologie vous aurez des<\/p>\n\n\n\n<ul class=\"wp-block-list\"><li>Cheveux \u00e9pais<\/li><li>Une gu\u00e9rison rapide.<\/li><li>Des Greffons de hautes qualit\u00e9<\/li><li>m\u00e9soth\u00e9rapie avant&nbsp; et apr\u00e8s l\u2019op\u00e9ration.<\/li><li>nous mettons a votre disposition un Service de consultation disponible avant et apres l\u2019op\u00e9ration<\/li><li>Package de produits pharmaceutiques et de soins est offert.<\/li><li>Un Certificat de Garantie \u00e0 vie<\/li><\/ul>\n\n\n\n<h3 class=\"wp-block-heading\"><img decoding=\"async\" src=\"\/wp-content\/uploads\/2021\/12\/sac-ekimi-onam-formu-300x150.jpg\" alt=\"greffe de cheveux\" srcset=\"\/wp-content\/uploads\/2021\/12\/sac-ekimi-onam-formu-300x150.jpg 300w, \/wp-content\/uploads\/2021\/12\/sac-ekimi-onam-formu-768x384.jpg 768w, \/wp-content\/uploads\/2021\/12\/sac-ekimi-onam-formu.jpg 800w\" width=\"300\" height=\"150\"><\/h3>\n\n\n\n<h2 class=\"wp-block-heading\"><strong>LA GREFFE DE CHEVEUX EST EFFECTUE A QUI ?<\/strong><\/h2>\n\n\n\n<p>La&nbsp;greffe de cheveux&nbsp;peut \u00eatre effectu\u00e9e \u00e0 des personnes adultes et en bonne sant\u00e9 sans faire aucune distinction de sexe f\u00e9minin ou masculin ayant un probl\u00e8me d\u2019alop\u00e9cie. &nbsp; Mais, en addition, il est n\u00e9cessaire que la zone donneuse (la zone ou follicules pileux sont extraits) de la personne soit effective et soit favorable pour un nombre suffisant d\u2019extraction.<\/p>\n\n\n\n<p>En plus, pour les personnes ayant une trace de br\u00fblure r\u00e9sultant d\u2019un accident subi par la peau chevelue; la greffe de cheveux peut \u00eatre r\u00e9alis\u00e9e apr\u00e8s avoir contr\u00f4l\u00e9&nbsp; la circulation sanguine et la greffe de cheveux peut \u00eatre effectu\u00e9e aussi pour les pertes r\u00e9alis\u00e9es en raison de la contrainte excessive des cheveux (Traction alopesisi) et pour les pertes r\u00e9gionales des cheveux caus\u00e9es par une infection pass\u00e9e.<\/p>\n\n\n\n<h2 class=\"wp-block-heading\"><strong>L\u2019EXAMEN ET L\u2019ANALYSE DES CHEVEUX<\/strong><\/h2>\n\n\n\n<p>Nous d\u00e9finissons nos cheveux comme raides ou boucl\u00e9s,&nbsp; fins ou \u00e9pais, sec ou gras. Mais, nos cheveux ont des particularit\u00e9s que nous ne pouvons pas constater visuellement.&nbsp; Par l\u2019analyse de cheveux, nous pouvons constater ces caract\u00e9ristiques et&nbsp; d\u00e9terminer les proc\u00e9d\u00e9s possibles \u00e0 effectuer sur vos cheveux.<\/p>\n\n\n\n<p>Avec l\u2019analyse des cheveux, il sera possible d\u2019examiner la qualit\u00e9 des follicules pileux, l\u2019intensit\u00e9 des cheveux, la structure du tissu et la condition d\u2019\u00e9lasticit\u00e9 des cheveux ainsi que les pores et texture de la peau et de cr\u00e9er un proc\u00e9d\u00e9 de traitement dans ce sens.<\/p>\n","protected":false},"excerpt":{"rendered":"<p>Afro Techniques De Greffe De Cheveux En effet, cela peut \u00eatre appel\u00e9 en tant que la transplantation de follicule (greffe). La greffe de cheveux est le proc\u00e9d\u00e9 concernant la prise des&nbsp; follicules pileux g\u00e9n\u00e9tiquement en sant\u00e9 (les cheveux se trouvant sur la nuque et les c\u00f4t\u00e9s) &nbsp; et la transplantation de ceux-ci sur les zones [&hellip;]<\/p>\n","protected":false},"author":1,"featured_media":10689,"parent":0,"menu_order":0,"comment_status":"closed","ping_status":"closed","template":"","meta":{"site-sidebar-layout":"default","site-content-layout":"","ast-site-content-layout":"","site-content-style":"default","site-sidebar-style":"default","ast-global-header-display":"","ast-banner-title-visibility":"","ast-main-header-display":"","ast-hfb-above-header-display":"","ast-hfb-below-header-display":"","ast-hfb-mobile-header-display":"","site-post-title":"","ast-breadcrumbs-content":"","ast-featured-img":"","footer-sml-layout":"","theme-transparent-header-meta":"","adv-header-id-meta":"","stick-header-meta":"","header-above-stick-meta":"","header-main-stick-meta":"","header-below-stick-meta":"","astra-migrate-meta-layouts":"default","ast-page-background-enabled":"default","ast-page-background-meta":{"desktop":{"background-color":"","background-image":"","background-repeat":"repeat","background-position":"center center","background-size":"auto","background-attachment":"scroll","background-type":"","background-media":"","overlay-type":"","overlay-color":"","overlay-opacity":"","overlay-gradient":""},"tablet":{"background-color":"","background-image":"","background-repeat":"repeat","background-position":"center center","background-size":"auto","background-attachment":"scroll","background-type":"","background-media":"","overlay-type":"","overlay-color":"","overlay-opacity":"","overlay-gradient":""},"mobile":{"background-color":"","background-image":"","background-repeat":"repeat","background-position":"center center","background-size":"auto","background-attachment":"scroll","background-type":"","background-media":"","overlay-type":"","overlay-color":"","overlay-opacity":"","overlay-gradient":""}},"ast-content-background-meta":{"desktop":{"background-color":"var(--ast-global-color-5)","background-image":"","background-repeat":"repeat","background-position":"center center","background-size":"auto","background-attachment":"scroll","background-type":"","background-media":"","overlay-type":"","overlay-color":"","overlay-opacity":"","overlay-gradient":""},"tablet":{"background-color":"var(--ast-global-color-5)","background-image":"","background-repeat":"repeat","background-position":"center center","background-size":"auto","background-attachment":"scroll","background-type":"","background-media":"","overlay-type":"","overlay-color":"","overlay-opacity":"","overlay-gradient":""},"mobile":{"background-color":"var(--ast-global-color-5)","background-image":"","background-repeat":"repeat","background-position":"center center","background-size":"auto","background-attachment":"scroll","background-type":"","background-media":"","overlay-type":"","overlay-color":"","overlay-opacity":"","overlay-gradient":""}},"footnotes":""},"class_list":["post-25434","page","type-page","status-publish","has-post-thumbnail","hentry"],"aioseo_notices":[],"_links":{"self":[{"href":"https:\/\/www.forcehair.com\/fr\/wp-json\/wp\/v2\/pages\/25434","targetHints":{"allow":["GET"]}}],"collection":[{"href":"https:\/\/www.forcehair.com\/fr\/wp-json\/wp\/v2\/pages"}],"about":[{"href":"https:\/\/www.forcehair.com\/fr\/wp-json\/wp\/v2\/types\/page"}],"author":[{"embeddable":true,"href":"https:\/\/www.forcehair.com\/fr\/wp-json\/wp\/v2\/users\/1"}],"replies":[{"embeddable":true,"href":"https:\/\/www.forcehair.com\/fr\/wp-json\/wp\/v2\/comments?post=25434"}],"version-history":[{"count":0,"href":"https:\/\/www.forcehair.com\/fr\/wp-json\/wp\/v2\/pages\/25434\/revisions"}],"wp:featuredmedia":[{"embeddable":true,"href":"https:\/\/www.forcehair.com\/fr\/wp-json\/wp\/v2\/media\/10689"}],"wp:attachment":[{"href":"https:\/\/www.forcehair.com\/fr\/wp-json\/wp\/v2\/media?parent=25434"}],"curies":[{"name":"wp","href":"https:\/\/api.w.org\/{rel}","templated":true}]}}